{"id":657,"date":"2021-10-28T06:50:26","date_gmt":"2021-10-28T05:50:26","guid":{"rendered":"https:\/\/mitchcoaching.com\/?page_id=657"},"modified":"2024-10-21T07:53:38","modified_gmt":"2024-10-21T06:53:38","slug":"equipements","status":"publish","type":"page","link":"https:\/\/mitchcoaching.com\/en\/equipements\/","title":{"rendered":"Gear"},"content":{"rendered":"<p>Developed by the biggest brands (Compressport, ZEROD, Zoot) we have designed a complete range of equipment for: swimming, running, cycling and triathlon.<\/p>\n\n\n\n<p class=\"translation-block\">The catalogue is available <a href=\"https:\/\/mitchcoaching.com\/wp-content\/uploads\/2024\/10\/Mitchcoaching_Equipement_Site_SHORT.pdf\" target=\"_self\">through this link<\/a> and you can order from us via the number in the document or via the <a href=\"https:\/\/mitchcoaching.com\/en\/contact\/\" target=\"_self\">contact form<\/a><\/p>\n\n\n\n<p><\/p>","protected":false},"excerpt":{"rendered":"<p>Developp\u00e9s par les plus grandes marques (Compressport, ZEROD, Zoot) nous avons cr\u00e9\u00e9 une gamme compl\u00e8te d&rsquo;\u00e9quipements pour : la natation, la course \u00e0 pied, le v\u00e9lo et le triathlon. Le catalogue est disponibile via ce lien et tu peux nous passer commande via le num\u00e9ro dans le document ou via le formulaire de contact<\/p>","protected":false},"author":3,"featured_media":0,"parent":0,"menu_order":0,"comment_status":"closed","ping_status":"closed","template":"","meta":{"jetpack_post_was_ever_published":false,"footnotes":""},"class_list":{"0":"post-657","1":"page","2":"type-page","3":"status-publish","5":"no-featured-image-padding"},"yoast_head":"<!-- This site is optimized with the Yoast SEO plugin v27.3 - https:\/\/yoast.com\/product\/yoast-seo-wordpress\/ -->\n<title>Equipements &#8226; Mitch Coaching<\/title>\n<meta name=\"robots\" content=\"index, follow, max-snippet:-1, max-image-preview:large, max-video-preview:-1\" \/>\n<link rel=\"canonical\" href=\"https:\/\/mitchcoaching.com\/en\/equipements\/\" \/>\n<meta property=\"og:locale\" content=\"en_US\" \/>\n<meta property=\"og:type\" content=\"article\" \/>\n<meta property=\"og:title\" content=\"Equipements &#8226; Mitch Coaching\" \/>\n<meta property=\"og:description\" content=\"Developp\u00e9s par les plus grandes marques (Compressport, ZEROD, Zoot) nous avons cr\u00e9\u00e9 une gamme compl\u00e8te d&rsquo;\u00e9quipements pour : la natation, la course \u00e0 pied, le v\u00e9lo et le triathlon. Le catalogue est disponibile via ce lien et tu peux nous passer commande via le num\u00e9ro dans le document ou via le formulaire de contact\" \/>\n<meta property=\"og:url\" content=\"https:\/\/mitchcoaching.com\/en\/equipements\/\" \/>\n<meta property=\"og:site_name\" content=\"Mitch Coaching\" \/>\n<meta property=\"article:publisher\" content=\"https:\/\/www.facebook.com\/Mika%c3%abl-Gaudin-203454170377614\/\" \/>\n<meta property=\"article:modified_time\" content=\"2024-10-21T06:53:38+00:00\" \/>\n<meta name=\"twitter:label1\" content=\"Est. reading time\" \/>\n\t<meta name=\"twitter:data1\" content=\"1 minute\" \/>\n<script type=\"application\/ld+json\" class=\"yoast-schema-graph\">{\"@context\":\"https:\\\/\\\/schema.org\",\"@graph\":[{\"@type\":\"WebPage\",\"@id\":\"https:\\\/\\\/mitchcoaching.com\\\/equipements\\\/\",\"url\":\"https:\\\/\\\/mitchcoaching.com\\\/equipements\\\/\",\"name\":\"Equipements &#8226; Mitch Coaching\",\"isPartOf\":{\"@id\":\"https:\\\/\\\/mitchcoaching.com\\\/#website\"},\"datePublished\":\"2021-10-28T05:50:26+00:00\",\"dateModified\":\"2024-10-21T06:53:38+00:00\",\"breadcrumb\":{\"@id\":\"https:\\\/\\\/mitchcoaching.com\\\/equipements\\\/#breadcrumb\"},\"inLanguage\":\"en-US\",\"potentialAction\":[{\"@type\":\"ReadAction\",\"target\":[\"https:\\\/\\\/mitchcoaching.com\\\/equipements\\\/\"]}]},{\"@type\":\"BreadcrumbList\",\"@id\":\"https:\\\/\\\/mitchcoaching.com\\\/equipements\\\/#breadcrumb\",\"itemListElement\":[{\"@type\":\"ListItem\",\"position\":1,\"name\":\"Accueil\",\"item\":\"https:\\\/\\\/mitchcoaching.com\\\/\"},{\"@type\":\"ListItem\",\"position\":2,\"name\":\"Equipements\"}]},{\"@type\":\"WebSite\",\"@id\":\"https:\\\/\\\/mitchcoaching.com\\\/#website\",\"url\":\"https:\\\/\\\/mitchcoaching.com\\\/\",\"name\":\"Mitch Coaching\",\"description\":\"\",\"potentialAction\":[{\"@type\":\"SearchAction\",\"target\":{\"@type\":\"EntryPoint\",\"urlTemplate\":\"https:\\\/\\\/mitchcoaching.com\\\/?s={search_term_string}\"},\"query-input\":{\"@type\":\"PropertyValueSpecification\",\"valueRequired\":true,\"valueName\":\"search_term_string\"}}],\"inLanguage\":\"en-US\"}]}<\/script>\n<!-- \/ Yoast SEO plugin. -->","yoast_head_json":{"title":"Equipements &#8226; Mitch Coaching","robots":{"index":"index","follow":"follow","max-snippet":"max-snippet:-1","max-image-preview":"max-image-preview:large","max-video-preview":"max-video-preview:-1"},"canonical":"https:\/\/mitchcoaching.com\/en\/equipements\/","og_locale":"en_US","og_type":"article","og_title":"Equipements &#8226; Mitch Coaching","og_description":"Developp\u00e9s par les plus grandes marques (Compressport, ZEROD, Zoot) nous avons cr\u00e9\u00e9 une gamme compl\u00e8te d&rsquo;\u00e9quipements pour : la natation, la course \u00e0 pied, le v\u00e9lo et le triathlon. Le catalogue est disponibile via ce lien et tu peux nous passer commande via le num\u00e9ro dans le document ou via le formulaire de contact","og_url":"https:\/\/mitchcoaching.com\/en\/equipements\/","og_site_name":"Mitch Coaching","article_publisher":"https:\/\/www.facebook.com\/Mika%c3%abl-Gaudin-203454170377614\/","article_modified_time":"2024-10-21T06:53:38+00:00","twitter_misc":{"Est. reading time":"1 minute"},"schema":{"@context":"https:\/\/schema.org","@graph":[{"@type":"WebPage","@id":"https:\/\/mitchcoaching.com\/equipements\/","url":"https:\/\/mitchcoaching.com\/equipements\/","name":"Equipements &#8226; Mitch Coaching","isPartOf":{"@id":"https:\/\/mitchcoaching.com\/#website"},"datePublished":"2021-10-28T05:50:26+00:00","dateModified":"2024-10-21T06:53:38+00:00","breadcrumb":{"@id":"https:\/\/mitchcoaching.com\/equipements\/#breadcrumb"},"inLanguage":"en-US","potentialAction":[{"@type":"ReadAction","target":["https:\/\/mitchcoaching.com\/equipements\/"]}]},{"@type":"BreadcrumbList","@id":"https:\/\/mitchcoaching.com\/equipements\/#breadcrumb","itemListElement":[{"@type":"ListItem","position":1,"name":"Accueil","item":"https:\/\/mitchcoaching.com\/"},{"@type":"ListItem","position":2,"name":"Equipements"}]},{"@type":"WebSite","@id":"https:\/\/mitchcoaching.com\/#website","url":"https:\/\/mitchcoaching.com\/","name":"Mitch Coaching","description":"","potentialAction":[{"@type":"SearchAction","target":{"@type":"EntryPoint","urlTemplate":"https:\/\/mitchcoaching.com\/?s={search_term_string}"},"query-input":{"@type":"PropertyValueSpecification","valueRequired":true,"valueName":"search_term_string"}}],"inLanguage":"en-US"}]}},"jetpack_sharing_enabled":true,"jetpack_shortlink":"https:\/\/wp.me\/PaBg9q-aB","_links":{"self":[{"href":"https:\/\/mitchcoaching.com\/en\/wp-json\/wp\/v2\/pages\/657","targetHints":{"allow":["GET"]}}],"collection":[{"href":"https:\/\/mitchcoaching.com\/en\/wp-json\/wp\/v2\/pages"}],"about":[{"href":"https:\/\/mitchcoaching.com\/en\/wp-json\/wp\/v2\/types\/page"}],"author":[{"embeddable":true,"href":"https:\/\/mitchcoaching.com\/en\/wp-json\/wp\/v2\/users\/3"}],"replies":[{"embeddable":true,"href":"https:\/\/mitchcoaching.com\/en\/wp-json\/wp\/v2\/comments?post=657"}],"version-history":[{"count":0,"href":"https:\/\/mitchcoaching.com\/en\/wp-json\/wp\/v2\/pages\/657\/revisions"}],"wp:attachment":[{"href":"https:\/\/mitchcoaching.com\/en\/wp-json\/wp\/v2\/media?parent=657"}],"curies":[{"name":"wp","href":"https:\/\/api.w.org\/{rel}","templated":true}]}}