{"id":548,"date":"2021-10-11T13:33:59","date_gmt":"2021-10-11T12:33:59","guid":{"rendered":"https:\/\/mitchcoaching.com\/?page_id=548"},"modified":"2025-10-05T16:45:16","modified_gmt":"2025-10-05T15:45:16","slug":"evenements-2022","status":"publish","type":"page","link":"https:\/\/mitchcoaching.com\/en\/evenements-2022\/","title":{"rendered":"Events"},"content":{"rendered":"<h2 class=\"wp-block-heading\"><em>Les mercredis pendant l&rsquo;\u00e9t\u00e9 <\/em><\/h2>\n\n\n\n<h2 class=\"wp-block-heading\">COURS OPEN WATER<\/h2>\n\n\n\n<p>20CHF \/ s\u00e9ance pour les athl\u00e8tes MitchCoaching &#8211; 30 CHF \/ s\u00e9ance pour les externes<\/p>\n\n\n\n<p>Les mercredis \u00e0 18h30&nbsp;\u00e0 la Plage du Mini-golf (\u00e0 c\u00f4t\u00e9 de Lausanne Bellerive)<\/p>\n\n\n\n<p><em>Une opportunit\u00e9 pour entra\u00eener la natation en eau libre et l\u2019orientation pour performer dans vos triathlons. Tous les participants recevront un bonnet Mitchcoaching<\/em><\/p>\n\n\n\n<figure class=\"wp-block-gallery has-nested-images columns-default is-cropped wp-block-gallery-1 is-layout-flex wp-block-gallery-is-layout-flex\">\n<figure class=\"wp-block-image size-large\"><a href=\"https:\/\/mitchcoaching.com\/wp-content\/uploads\/2021\/10\/ows1.jpg\"><img loading=\"lazy\" decoding=\"async\" width=\"933\" height=\"700\" data-id=\"551\" src=\"https:\/\/mitchcoaching.com\/wp-content\/uploads\/2021\/10\/ows1.jpg\" alt=\"\" class=\"wp-image-551\" srcset=\"https:\/\/mitchcoaching.com\/wp-content\/uploads\/2021\/10\/ows1.jpg 933w, https:\/\/mitchcoaching.com\/wp-content\/uploads\/2021\/10\/ows1-300x225.jpg 300w, https:\/\/mitchcoaching.com\/wp-content\/uploads\/2021\/10\/ows1-768x576.jpg 768w, https:\/\/mitchcoaching.com\/wp-content\/uploads\/2021\/10\/ows1-16x12.jpg 16w, https:\/\/mitchcoaching.com\/wp-content\/uploads\/2021\/10\/ows1-600x450.jpg 600w\" sizes=\"auto, (max-width: 933px) 100vw, 933px\" \/><\/a><\/figure>\n\n\n\n<figure class=\"wp-block-image size-large\"><a href=\"https:\/\/mitchcoaching.com\/wp-content\/uploads\/2021\/10\/eaulibre.jpeg\"><img loading=\"lazy\" decoding=\"async\" width=\"512\" height=\"384\" data-id=\"653\" src=\"https:\/\/mitchcoaching.com\/wp-content\/uploads\/2021\/10\/eaulibre.jpeg\" alt=\"\" class=\"wp-image-653\" srcset=\"https:\/\/mitchcoaching.com\/wp-content\/uploads\/2021\/10\/eaulibre.jpeg 512w, https:\/\/mitchcoaching.com\/wp-content\/uploads\/2021\/10\/eaulibre-300x225.jpeg 300w, https:\/\/mitchcoaching.com\/wp-content\/uploads\/2021\/10\/eaulibre-16x12.jpeg 16w\" sizes=\"auto, (max-width: 512px) 100vw, 512px\" \/><\/a><\/figure>\n<\/figure>\n\n\n\n<h2 class=\"wp-block-heading\"><em>18-21 Septembre 202<\/em>6<\/h2>\n\n\n\n<h2 class=\"wp-block-heading\"><strong>IRONMAN \/ 70.3 EMILIA ROMAGNA<\/strong><\/h2>\n\n\n\n<p>@Club Hotel Dante, Cervia, vue mer, devant la zone de transition et d\u00e9part<\/p>\n\n\n\n<p><em>Une opportunit\u00e9 pour socialiser et partager les \u00e9motions lors d\u2019une course. Vous devez uniquement vous inscrire \u00e0 la course&nbsp;; nous, on pensera au reste.&nbsp;<\/em><\/p>\n\n\n\n<figure class=\"wp-block-gallery has-nested-images columns-default is-cropped wp-block-gallery-2 is-layout-flex wp-block-gallery-is-layout-flex\">\n<figure class=\"wp-block-image size-large\"><a href=\"https:\/\/mitchcoaching.com\/wp-content\/uploads\/2021\/10\/cervia1.jpg\"><img loading=\"lazy\" decoding=\"async\" width=\"223\" height=\"167\" data-id=\"553\" src=\"https:\/\/mitchcoaching.com\/wp-content\/uploads\/2021\/10\/cervia1.jpg\" alt=\"\" class=\"wp-image-553\" srcset=\"https:\/\/mitchcoaching.com\/wp-content\/uploads\/2021\/10\/cervia1.jpg 223w, https:\/\/mitchcoaching.com\/wp-content\/uploads\/2021\/10\/cervia1-16x12.jpg 16w\" sizes=\"auto, (max-width: 223px) 100vw, 223px\" \/><\/a><\/figure>\n\n\n\n<figure class=\"wp-block-image size-large\"><a href=\"https:\/\/mitchcoaching.com\/wp-content\/uploads\/2021\/10\/cervia2.jpg\"><img loading=\"lazy\" decoding=\"async\" width=\"684\" height=\"516\" data-id=\"554\" src=\"https:\/\/mitchcoaching.com\/wp-content\/uploads\/2021\/10\/cervia2.jpg\" alt=\"\" class=\"wp-image-554\" srcset=\"https:\/\/mitchcoaching.com\/wp-content\/uploads\/2021\/10\/cervia2.jpg 684w, https:\/\/mitchcoaching.com\/wp-content\/uploads\/2021\/10\/cervia2-300x226.jpg 300w, https:\/\/mitchcoaching.com\/wp-content\/uploads\/2021\/10\/cervia2-16x12.jpg 16w, https:\/\/mitchcoaching.com\/wp-content\/uploads\/2021\/10\/cervia2-600x453.jpg 600w\" sizes=\"auto, (max-width: 684px) 100vw, 684px\" \/><\/a><\/figure>\n<\/figure>\n\n\n\n<h2 class=\"wp-block-heading\">12-15 <em>F\u00e9vrier 202<\/em>6<\/h2>\n\n\n\n<h2 class=\"wp-block-heading\">Stage Ski-Natation @Saas-Fee<\/h2>\n\n\n\n<p>Lieu : Wellness Hostal &#8211; Saas-Fee<\/p>\n\n\n\n<p><em>Un super week-end d\u2019entrainement dans un endroit de r\u00eave&nbsp;: nager \u00e0 1800 m\u00e8tres et skier sur le glacier<\/em><\/p>\n\n\n\n<figure class=\"wp-block-gallery has-nested-images columns-default is-cropped wp-block-gallery-3 is-layout-flex wp-block-gallery-is-layout-flex\">\n<figure class=\"wp-block-image size-large\"><a href=\"https:\/\/mitchcoaching.com\/wp-content\/uploads\/2021\/10\/saasfee1.jpg\"><img loading=\"lazy\" decoding=\"async\" width=\"684\" height=\"516\" data-id=\"549\" src=\"https:\/\/mitchcoaching.com\/wp-content\/uploads\/2021\/10\/saasfee1.jpg\" alt=\"\" class=\"wp-image-549\" srcset=\"https:\/\/mitchcoaching.com\/wp-content\/uploads\/2021\/10\/saasfee1.jpg 684w, https:\/\/mitchcoaching.com\/wp-content\/uploads\/2021\/10\/saasfee1-300x226.jpg 300w, https:\/\/mitchcoaching.com\/wp-content\/uploads\/2021\/10\/saasfee1-16x12.jpg 16w, https:\/\/mitchcoaching.com\/wp-content\/uploads\/2021\/10\/saasfee1-600x453.jpg 600w\" sizes=\"auto, (max-width: 684px) 100vw, 684px\" \/><\/a><\/figure>\n\n\n\n<figure class=\"wp-block-image size-large\"><a href=\"https:\/\/mitchcoaching.com\/wp-content\/uploads\/2021\/10\/saasfee2.jpg\"><img loading=\"lazy\" decoding=\"async\" width=\"684\" height=\"516\" data-id=\"550\" src=\"https:\/\/mitchcoaching.com\/wp-content\/uploads\/2021\/10\/saasfee2.jpg\" alt=\"\" class=\"wp-image-550\" srcset=\"https:\/\/mitchcoaching.com\/wp-content\/uploads\/2021\/10\/saasfee2.jpg 684w, https:\/\/mitchcoaching.com\/wp-content\/uploads\/2021\/10\/saasfee2-300x226.jpg 300w, https:\/\/mitchcoaching.com\/wp-content\/uploads\/2021\/10\/saasfee2-16x12.jpg 16w, https:\/\/mitchcoaching.com\/wp-content\/uploads\/2021\/10\/saasfee2-600x453.jpg 600w\" sizes=\"auto, (max-width: 684px) 100vw, 684px\" \/><\/a><\/figure>\n<\/figure>\n\n\n\n<p>Pour d&rsquo;autres camps \/ stages merci de visiter www.triteamlausanne.com<\/p>\n\n\n\n<p><\/p>","protected":false},"excerpt":{"rendered":"<p>Les mercredis pendant l&rsquo;\u00e9t\u00e9 COURS OPEN WATER 20CHF \/ s\u00e9ance pour les athl\u00e8tes MitchCoaching &#8211; 30 CHF \/ s\u00e9ance pour les externes Les mercredis \u00e0 18h30&nbsp;\u00e0 la Plage du Mini-golf (\u00e0 c\u00f4t\u00e9 de Lausanne Bellerive) Une opportunit\u00e9 pour entra\u00eener la natation en eau libre et l\u2019orientation pour performer dans vos triathlons. Tous les participants recevront &#8230; <\/p>\n<p class=\"read-more-container\"><a title=\"Events\" class=\"read-more button\" href=\"https:\/\/mitchcoaching.com\/en\/evenements-2022\/#more-548\" aria-label=\"Read more about Ev\u00e9nements\">Read more<\/a><\/p>","protected":false},"author":3,"featured_media":568,"parent":0,"menu_order":0,"comment_status":"closed","ping_status":"closed","template":"","meta":{"jetpack_post_was_ever_published":false,"footnotes":""},"class_list":{"0":"post-548","1":"page","2":"type-page","3":"status-publish","4":"has-post-thumbnail","6":"no-featured-image-padding"},"yoast_head":"<!-- This site is optimized with the Yoast SEO plugin v27.3 - https:\/\/yoast.com\/product\/yoast-seo-wordpress\/ -->\n<title>Ev\u00e9nements &#8226; Mitch Coaching<\/title>\n<meta name=\"description\" content=\"Tout au long de l&#039;ann\u00e9e Mitchcoaching propose des \u00e9v\u00e9nements pour travailler des points sp\u00e9cifiques et prendre du plaisir en groupe.\" \/>\n<meta name=\"robots\" content=\"index, follow, max-snippet:-1, max-image-preview:large, max-video-preview:-1\" \/>\n<link rel=\"canonical\" href=\"https:\/\/mitchcoaching.com\/en\/evenements-2022\/\" \/>\n<meta property=\"og:locale\" content=\"en_US\" \/>\n<meta property=\"og:type\" content=\"article\" \/>\n<meta property=\"og:title\" content=\"Ev\u00e9nements &#8226; Mitch Coaching\" \/>\n<meta property=\"og:description\" content=\"Tout au long de l&#039;ann\u00e9e Mitchcoaching propose des \u00e9v\u00e9nements pour travailler des points sp\u00e9cifiques et prendre du plaisir en groupe.\" \/>\n<meta property=\"og:url\" content=\"https:\/\/mitchcoaching.com\/en\/evenements-2022\/\" \/>\n<meta property=\"og:site_name\" content=\"Mitch Coaching\" \/>\n<meta property=\"article:publisher\" content=\"https:\/\/www.facebook.com\/Mika%c3%abl-Gaudin-203454170377614\/\" \/>\n<meta property=\"article:modified_time\" content=\"2025-10-05T15:45:16+00:00\" \/>\n<meta property=\"og:image\" content=\"https:\/\/mitchcoaching.com\/wp-content\/uploads\/2021\/10\/IMG_0973-2.jpeg\" \/>\n\t<meta property=\"og:image:width\" content=\"2000\" \/>\n\t<meta property=\"og:image:height\" content=\"1113\" \/>\n\t<meta property=\"og:image:type\" content=\"image\/jpeg\" \/>\n<meta name=\"twitter:label1\" content=\"Est. reading time\" \/>\n\t<meta name=\"twitter:data1\" content=\"3 minutes\" \/>\n<script type=\"application\/ld+json\" class=\"yoast-schema-graph\">{\"@context\":\"https:\\\/\\\/schema.org\",\"@graph\":[{\"@type\":\"WebPage\",\"@id\":\"https:\\\/\\\/mitchcoaching.com\\\/evenements-2022\\\/\",\"url\":\"https:\\\/\\\/mitchcoaching.com\\\/evenements-2022\\\/\",\"name\":\"Ev\u00e9nements &#8226; Mitch Coaching\",\"isPartOf\":{\"@id\":\"https:\\\/\\\/mitchcoaching.com\\\/#website\"},\"primaryImageOfPage\":{\"@id\":\"https:\\\/\\\/mitchcoaching.com\\\/evenements-2022\\\/#primaryimage\"},\"image\":{\"@id\":\"https:\\\/\\\/mitchcoaching.com\\\/evenements-2022\\\/#primaryimage\"},\"thumbnailUrl\":\"https:\\\/\\\/mitchcoaching.com\\\/wp-content\\\/uploads\\\/2021\\\/10\\\/IMG_0973-2.jpeg\",\"datePublished\":\"2021-10-11T12:33:59+00:00\",\"dateModified\":\"2025-10-05T15:45:16+00:00\",\"description\":\"Tout au long de l'ann\u00e9e Mitchcoaching propose des \u00e9v\u00e9nements pour travailler des points sp\u00e9cifiques et prendre du plaisir en groupe.\",\"breadcrumb\":{\"@id\":\"https:\\\/\\\/mitchcoaching.com\\\/evenements-2022\\\/#breadcrumb\"},\"inLanguage\":\"en-US\",\"potentialAction\":[{\"@type\":\"ReadAction\",\"target\":[\"https:\\\/\\\/mitchcoaching.com\\\/evenements-2022\\\/\"]}]},{\"@type\":\"ImageObject\",\"inLanguage\":\"en-US\",\"@id\":\"https:\\\/\\\/mitchcoaching.com\\\/evenements-2022\\\/#primaryimage\",\"url\":\"https:\\\/\\\/mitchcoaching.com\\\/wp-content\\\/uploads\\\/2021\\\/10\\\/IMG_0973-2.jpeg\",\"contentUrl\":\"https:\\\/\\\/mitchcoaching.com\\\/wp-content\\\/uploads\\\/2021\\\/10\\\/IMG_0973-2.jpeg\",\"width\":2000,\"height\":1113},{\"@type\":\"BreadcrumbList\",\"@id\":\"https:\\\/\\\/mitchcoaching.com\\\/evenements-2022\\\/#breadcrumb\",\"itemListElement\":[{\"@type\":\"ListItem\",\"position\":1,\"name\":\"Accueil\",\"item\":\"https:\\\/\\\/mitchcoaching.com\\\/\"},{\"@type\":\"ListItem\",\"position\":2,\"name\":\"Ev\u00e9nements\"}]},{\"@type\":\"WebSite\",\"@id\":\"https:\\\/\\\/mitchcoaching.com\\\/#website\",\"url\":\"https:\\\/\\\/mitchcoaching.com\\\/\",\"name\":\"Mitch Coaching\",\"description\":\"\",\"potentialAction\":[{\"@type\":\"SearchAction\",\"target\":{\"@type\":\"EntryPoint\",\"urlTemplate\":\"https:\\\/\\\/mitchcoaching.com\\\/?s={search_term_string}\"},\"query-input\":{\"@type\":\"PropertyValueSpecification\",\"valueRequired\":true,\"valueName\":\"search_term_string\"}}],\"inLanguage\":\"en-US\"}]}<\/script>\n<!-- \/ Yoast SEO plugin. -->","yoast_head_json":{"title":"Ev\u00e9nements &#8226; Mitch Coaching","description":"Tout au long de l'ann\u00e9e Mitchcoaching propose des \u00e9v\u00e9nements pour travailler des points sp\u00e9cifiques et prendre du plaisir en groupe.","robots":{"index":"index","follow":"follow","max-snippet":"max-snippet:-1","max-image-preview":"max-image-preview:large","max-video-preview":"max-video-preview:-1"},"canonical":"https:\/\/mitchcoaching.com\/en\/evenements-2022\/","og_locale":"en_US","og_type":"article","og_title":"Ev\u00e9nements &#8226; Mitch Coaching","og_description":"Tout au long de l'ann\u00e9e Mitchcoaching propose des \u00e9v\u00e9nements pour travailler des points sp\u00e9cifiques et prendre du plaisir en groupe.","og_url":"https:\/\/mitchcoaching.com\/en\/evenements-2022\/","og_site_name":"Mitch Coaching","article_publisher":"https:\/\/www.facebook.com\/Mika%c3%abl-Gaudin-203454170377614\/","article_modified_time":"2025-10-05T15:45:16+00:00","og_image":[{"width":2000,"height":1113,"url":"https:\/\/mitchcoaching.com\/wp-content\/uploads\/2021\/10\/IMG_0973-2.jpeg","type":"image\/jpeg"}],"twitter_misc":{"Est. reading time":"3 minutes"},"schema":{"@context":"https:\/\/schema.org","@graph":[{"@type":"WebPage","@id":"https:\/\/mitchcoaching.com\/evenements-2022\/","url":"https:\/\/mitchcoaching.com\/evenements-2022\/","name":"Ev\u00e9nements &#8226; Mitch Coaching","isPartOf":{"@id":"https:\/\/mitchcoaching.com\/#website"},"primaryImageOfPage":{"@id":"https:\/\/mitchcoaching.com\/evenements-2022\/#primaryimage"},"image":{"@id":"https:\/\/mitchcoaching.com\/evenements-2022\/#primaryimage"},"thumbnailUrl":"https:\/\/mitchcoaching.com\/wp-content\/uploads\/2021\/10\/IMG_0973-2.jpeg","datePublished":"2021-10-11T12:33:59+00:00","dateModified":"2025-10-05T15:45:16+00:00","description":"Tout au long de l'ann\u00e9e Mitchcoaching propose des \u00e9v\u00e9nements pour travailler des points sp\u00e9cifiques et prendre du plaisir en groupe.","breadcrumb":{"@id":"https:\/\/mitchcoaching.com\/evenements-2022\/#breadcrumb"},"inLanguage":"en-US","potentialAction":[{"@type":"ReadAction","target":["https:\/\/mitchcoaching.com\/evenements-2022\/"]}]},{"@type":"ImageObject","inLanguage":"en-US","@id":"https:\/\/mitchcoaching.com\/evenements-2022\/#primaryimage","url":"https:\/\/mitchcoaching.com\/wp-content\/uploads\/2021\/10\/IMG_0973-2.jpeg","contentUrl":"https:\/\/mitchcoaching.com\/wp-content\/uploads\/2021\/10\/IMG_0973-2.jpeg","width":2000,"height":1113},{"@type":"BreadcrumbList","@id":"https:\/\/mitchcoaching.com\/evenements-2022\/#breadcrumb","itemListElement":[{"@type":"ListItem","position":1,"name":"Accueil","item":"https:\/\/mitchcoaching.com\/"},{"@type":"ListItem","position":2,"name":"Ev\u00e9nements"}]},{"@type":"WebSite","@id":"https:\/\/mitchcoaching.com\/#website","url":"https:\/\/mitchcoaching.com\/","name":"Mitch Coaching","description":"","potentialAction":[{"@type":"SearchAction","target":{"@type":"EntryPoint","urlTemplate":"https:\/\/mitchcoaching.com\/?s={search_term_string}"},"query-input":{"@type":"PropertyValueSpecification","valueRequired":true,"valueName":"search_term_string"}}],"inLanguage":"en-US"}]}},"jetpack_sharing_enabled":true,"jetpack_shortlink":"https:\/\/wp.me\/PaBg9q-8Q","_links":{"self":[{"href":"https:\/\/mitchcoaching.com\/en\/wp-json\/wp\/v2\/pages\/548","targetHints":{"allow":["GET"]}}],"collection":[{"href":"https:\/\/mitchcoaching.com\/en\/wp-json\/wp\/v2\/pages"}],"about":[{"href":"https:\/\/mitchcoaching.com\/en\/wp-json\/wp\/v2\/types\/page"}],"author":[{"embeddable":true,"href":"https:\/\/mitchcoaching.com\/en\/wp-json\/wp\/v2\/users\/3"}],"replies":[{"embeddable":true,"href":"https:\/\/mitchcoaching.com\/en\/wp-json\/wp\/v2\/comments?post=548"}],"version-history":[{"count":1,"href":"https:\/\/mitchcoaching.com\/en\/wp-json\/wp\/v2\/pages\/548\/revisions"}],"predecessor-version":[{"id":794,"href":"https:\/\/mitchcoaching.com\/en\/wp-json\/wp\/v2\/pages\/548\/revisions\/794"}],"wp:featuredmedia":[{"embeddable":true,"href":"https:\/\/mitchcoaching.com\/en\/wp-json\/wp\/v2\/media\/568"}],"wp:attachment":[{"href":"https:\/\/mitchcoaching.com\/en\/wp-json\/wp\/v2\/media?parent=548"}],"curies":[{"name":"wp","href":"https:\/\/api.w.org\/{rel}","templated":true}]}}