{"id":39,"date":"2018-10-17T22:17:39","date_gmt":"2018-10-17T21:17:39","guid":{"rendered":"https:\/\/mitchcoaching.wordpress.com\/?page_id=39"},"modified":"2025-10-05T16:50:39","modified_gmt":"2025-10-05T15:50:39","slug":"athlete","status":"publish","type":"page","link":"https:\/\/mitchcoaching.com\/en\/athlete\/","title":{"rendered":"Athlete"},"content":{"rendered":"<h2 class=\"wp-block-heading\">2025<\/h2>\n\n\n\n<ul class=\"wp-block-list\">\n<li>7 Novembre &#8211; Championnats du monde 70.3<\/li>\n\n\n\n<li>9h14 Ironman Italy (11e cat\u00e9gorie)<\/li>\n\n\n\n<li>1h10 PR 20Km de Lausanne (1er cat\u00e9gorie)<\/li>\n<\/ul>\n\n\n\n<h2 class=\"wp-block-heading\"><strong>2024<\/strong><\/h2>\n\n\n\n<ul class=\"wp-block-list\">\n<li>9h31 Championnats du monde Ironman Hawaii (41e cat\u00e9gorie)<\/li>\n\n\n\n<li>2e place cat\u00e9gorie (13e scratch) Ironman 70.3 Cervia en 4h10 et Qualification aux Championnats du Monde Half Ironman 2025<\/li>\n<\/ul>\n\n\n\n<h2 class=\"wp-block-heading\">2022<\/h2>\n\n\n\n<ul class=\"wp-block-list\">\n<li>7e place cat\u00e9gorie (12e scratch \/ 2439!!) 20km Lausanne en 1h12<\/li>\n\n\n\n<li>7e place cat\u00e9gorie H35-39 (24e scratch) Ironman 70.3 Switzerland en 4h37<\/li>\n\n\n\n<li>1e&nbsp;place scratch relais Triathlon de Gen\u00e8ve (Half) en 4h09<\/li>\n<\/ul>\n\n\n\n<h2 class=\"wp-block-heading\">2021<\/h2>\n\n\n\n<ul class=\"wp-block-list\">\n<li>10e place cat\u00e9gorie H35 (24e scratch) Ironman Italie en 9h14 et qualification aux mondiaux Ironman Saint George Utah<\/li>\n\n\n\n<li class=\"translation-block\">1<sup>st<\/sup> place scratch Nyon Triathlon relay in 2h01<\/li>\n<\/ul>\n\n\n\n<h2 class=\"wp-block-heading\">2019<\/h2>\n\n\n\n<ul class=\"wp-block-list\">\n<li>1st place H35 (20th scratch) at Ironman Italy in 8h43'05 (2h43'37 for the Marathon, faster than any pro)<\/li>\n\n\n\n<li>2nd place category (4th scratch) at Aubonne Triathlon<\/li>\n\n\n\n<li>10th at the ITU World Championships (Olympic Distance) <\/li>\n\n\n\n<li>1st place H35 (6th scratch) of Geneva Half in 4h18'47<\/li>\n<\/ul>\n\n\n\n<h2 class=\"wp-block-heading\"><strong>2018<\/strong><\/h2>\n\n\n\n<ul class=\"wp-block-list\">\n<li><span style=\"font-weight:400;\">1<sup>st<\/sup> place at the Lausanne Triathlon (Olympic distance) and qualification to the 2019 World Championship<\/span><\/li>\n\n\n\n<li>1<sup>st<\/sup> <span style=\"font-weight:400;\">place at the Aubonne Triathlon<\/span><\/li>\n\n\n\n<li>1<sup>st<\/sup> <span style=\"font-weight:400;\">place at the 70.3 Pescara Triathlon (Half-Ironman distance)<\/span><\/li>\n<\/ul>\n\n\n\n<h2 class=\"wp-block-heading\">2017 and before<\/h2>\n\n\n\n<ul class=\"wp-block-list\">\n<li><span style=\"font-weight:400;\">3 completed Ironman sub-10h in 2016, 2017, 2018<\/span><\/li>\n\n\n\n<li><span style=\"font-weight:400;\">Qualification at the Ironman World Championship Hawaii in 2017<\/span><\/li>\n\n\n\n<li><span style=\"font-weight:400;\">50+ relay triathlon victories (swimming and running) with Covoiturage team from 2000 to 2018<\/span><\/li>\n\n\n\n<li><span style=\"font-weight:400;\">Swiss Vice-Champion of the 10k swimming at Lausanne in 2015<\/span><\/li>\n\n\n\n<li><span style=\"font-weight:400;\">3 completed marathon sub-3h. Personnal best 2h39<\/span><\/li>\n\n\n\n<li><span style=\"font-weight:400;\">Swimming, Triathlon and Running at competition level<\/span><\/li>\n<\/ul>\n\n\n\n<figure class=\"wp-block-image size-full is-resized\"><a href=\"https:\/\/mitchcoaching.com\/wp-content\/uploads\/2025\/04\/8153_101718.jpg\"><img loading=\"lazy\" decoding=\"async\" width=\"960\" height=\"640\" src=\"https:\/\/mitchcoaching.com\/wp-content\/uploads\/2025\/04\/8153_101718.jpg\" alt=\"\" class=\"wp-image-783\" style=\"width:641px;height:auto\" srcset=\"https:\/\/mitchcoaching.com\/wp-content\/uploads\/2025\/04\/8153_101718.jpg 960w, https:\/\/mitchcoaching.com\/wp-content\/uploads\/2025\/04\/8153_101718-300x200.jpg 300w, https:\/\/mitchcoaching.com\/wp-content\/uploads\/2025\/04\/8153_101718-768x512.jpg 768w, https:\/\/mitchcoaching.com\/wp-content\/uploads\/2025\/04\/8153_101718-18x12.jpg 18w\" sizes=\"auto, (max-width: 960px) 100vw, 960px\" \/><\/a><\/figure>\n\n\n\n<figure class=\"wp-block-image size-full\"><a href=\"https:\/\/mitchcoaching.com\/wp-content\/uploads\/2025\/04\/8153_107146.jpg\"><img loading=\"lazy\" decoding=\"async\" width=\"640\" height=\"960\" src=\"https:\/\/mitchcoaching.com\/wp-content\/uploads\/2025\/04\/8153_107146.jpg\" alt=\"\" class=\"wp-image-786\" srcset=\"https:\/\/mitchcoaching.com\/wp-content\/uploads\/2025\/04\/8153_107146.jpg 640w, https:\/\/mitchcoaching.com\/wp-content\/uploads\/2025\/04\/8153_107146-200x300.jpg 200w, https:\/\/mitchcoaching.com\/wp-content\/uploads\/2025\/04\/8153_107146-8x12.jpg 8w\" sizes=\"auto, (max-width: 640px) 100vw, 640px\" \/><\/a><\/figure>\n\n\n\n<div class=\"wp-block-group is-vertical is-layout-flex wp-container-core-group-is-layout-8cf370e7 wp-block-group-is-layout-flex\">\n<figure class=\"wp-block-image size-full\"><a href=\"https:\/\/mitchcoaching.com\/wp-content\/uploads\/2025\/04\/8153_198965.jpg\"><img loading=\"lazy\" decoding=\"async\" width=\"640\" height=\"960\" src=\"https:\/\/mitchcoaching.com\/wp-content\/uploads\/2025\/04\/8153_198965.jpg\" alt=\"\" class=\"wp-image-781\" srcset=\"https:\/\/mitchcoaching.com\/wp-content\/uploads\/2025\/04\/8153_198965.jpg 640w, https:\/\/mitchcoaching.com\/wp-content\/uploads\/2025\/04\/8153_198965-200x300.jpg 200w, https:\/\/mitchcoaching.com\/wp-content\/uploads\/2025\/04\/8153_198965-8x12.jpg 8w\" sizes=\"auto, (max-width: 640px) 100vw, 640px\" \/><\/a><\/figure>\n<\/div>\n\n\n\n<div style=\"height:27px\" aria-hidden=\"true\" class=\"wp-block-spacer\"><\/div>\n\n\n\n<p>With a big thank you to all the people who support me, in one way or another, before, during and after my races !<\/p>\n\n\n\n<p><\/p>","protected":false},"excerpt":{"rendered":"<p>2025 2024 2022 2021 2019 2018 2017 et avant Avec un grand merci \u00e0 toutes les personnes qui me soutiennent, d&rsquo;une mani\u00e8re ou d&rsquo;une autre, avant, pendant et apr\u00e8s mes courses !<\/p>","protected":false},"author":2,"featured_media":275,"parent":0,"menu_order":0,"comment_status":"closed","ping_status":"closed","template":"","meta":{"jetpack_post_was_ever_published":false,"footnotes":""},"class_list":{"0":"post-39","1":"page","2":"type-page","3":"status-publish","4":"has-post-thumbnail","6":"no-featured-image-padding"},"yoast_head":"<!-- This site is optimized with the Yoast SEO plugin v27.4 - https:\/\/yoast.com\/product\/yoast-seo-wordpress\/ -->\n<title>Athlete &#8226; Mitch Coaching<\/title>\n<meta name=\"robots\" content=\"index, follow, max-snippet:-1, max-image-preview:large, max-video-preview:-1\" \/>\n<link rel=\"canonical\" href=\"https:\/\/mitchcoaching.com\/en\/athlete\/\" \/>\n<meta property=\"og:locale\" content=\"en_US\" \/>\n<meta property=\"og:type\" content=\"article\" \/>\n<meta property=\"og:title\" content=\"Athlete &#8226; Mitch Coaching\" \/>\n<meta property=\"og:description\" content=\"2025 2024 2022 2021 2019 2018 2017 et avant Avec un grand merci \u00e0 toutes les personnes qui me soutiennent, d&rsquo;une mani\u00e8re ou d&rsquo;une autre, avant, pendant et apr\u00e8s mes courses !\" \/>\n<meta property=\"og:url\" content=\"https:\/\/mitchcoaching.com\/en\/athlete\/\" \/>\n<meta property=\"og:site_name\" content=\"Mitch Coaching\" \/>\n<meta property=\"article:publisher\" content=\"https:\/\/www.facebook.com\/Mika%c3%abl-Gaudin-203454170377614\/\" \/>\n<meta property=\"article:modified_time\" content=\"2025-10-05T15:50:39+00:00\" \/>\n<meta property=\"og:image\" content=\"https:\/\/mitchcoaching.com\/wp-content\/uploads\/2019\/01\/22_m-100845518-DIGITAL_HIGHRES-2246_032469-21374942-1.jpg\" \/>\n\t<meta property=\"og:image:width\" content=\"3200\" \/>\n\t<meta property=\"og:image:height\" content=\"2133\" \/>\n\t<meta property=\"og:image:type\" content=\"image\/jpeg\" \/>\n<meta name=\"twitter:label1\" content=\"Est. reading time\" \/>\n\t<meta name=\"twitter:data1\" content=\"3 minutes\" \/>\n<script type=\"application\/ld+json\" class=\"yoast-schema-graph\">{\"@context\":\"https:\\\/\\\/schema.org\",\"@graph\":[{\"@type\":\"WebPage\",\"@id\":\"https:\\\/\\\/mitchcoaching.com\\\/athlete\\\/\",\"url\":\"https:\\\/\\\/mitchcoaching.com\\\/athlete\\\/\",\"name\":\"Athlete &#8226; Mitch Coaching\",\"isPartOf\":{\"@id\":\"https:\\\/\\\/mitchcoaching.com\\\/#website\"},\"primaryImageOfPage\":{\"@id\":\"https:\\\/\\\/mitchcoaching.com\\\/athlete\\\/#primaryimage\"},\"image\":{\"@id\":\"https:\\\/\\\/mitchcoaching.com\\\/athlete\\\/#primaryimage\"},\"thumbnailUrl\":\"https:\\\/\\\/mitchcoaching.com\\\/wp-content\\\/uploads\\\/2019\\\/01\\\/22_m-100845518-DIGITAL_HIGHRES-2246_032469-21374942-1.jpg\",\"datePublished\":\"2018-10-17T21:17:39+00:00\",\"dateModified\":\"2025-10-05T15:50:39+00:00\",\"breadcrumb\":{\"@id\":\"https:\\\/\\\/mitchcoaching.com\\\/athlete\\\/#breadcrumb\"},\"inLanguage\":\"en-US\",\"potentialAction\":[{\"@type\":\"ReadAction\",\"target\":[\"https:\\\/\\\/mitchcoaching.com\\\/athlete\\\/\"]}]},{\"@type\":\"ImageObject\",\"inLanguage\":\"en-US\",\"@id\":\"https:\\\/\\\/mitchcoaching.com\\\/athlete\\\/#primaryimage\",\"url\":\"https:\\\/\\\/mitchcoaching.com\\\/wp-content\\\/uploads\\\/2019\\\/01\\\/22_m-100845518-DIGITAL_HIGHRES-2246_032469-21374942-1.jpg\",\"contentUrl\":\"https:\\\/\\\/mitchcoaching.com\\\/wp-content\\\/uploads\\\/2019\\\/01\\\/22_m-100845518-DIGITAL_HIGHRES-2246_032469-21374942-1.jpg\",\"width\":3200,\"height\":2133},{\"@type\":\"BreadcrumbList\",\"@id\":\"https:\\\/\\\/mitchcoaching.com\\\/athlete\\\/#breadcrumb\",\"itemListElement\":[{\"@type\":\"ListItem\",\"position\":1,\"name\":\"Accueil\",\"item\":\"https:\\\/\\\/mitchcoaching.com\\\/\"},{\"@type\":\"ListItem\",\"position\":2,\"name\":\"Athlete\"}]},{\"@type\":\"WebSite\",\"@id\":\"https:\\\/\\\/mitchcoaching.com\\\/#website\",\"url\":\"https:\\\/\\\/mitchcoaching.com\\\/\",\"name\":\"Mitch Coaching\",\"description\":\"\",\"potentialAction\":[{\"@type\":\"SearchAction\",\"target\":{\"@type\":\"EntryPoint\",\"urlTemplate\":\"https:\\\/\\\/mitchcoaching.com\\\/?s={search_term_string}\"},\"query-input\":{\"@type\":\"PropertyValueSpecification\",\"valueRequired\":true,\"valueName\":\"search_term_string\"}}],\"inLanguage\":\"en-US\"}]}<\/script>\n<!-- \/ Yoast SEO plugin. -->","yoast_head_json":{"title":"Athlete &#8226; Mitch Coaching","robots":{"index":"index","follow":"follow","max-snippet":"max-snippet:-1","max-image-preview":"max-image-preview:large","max-video-preview":"max-video-preview:-1"},"canonical":"https:\/\/mitchcoaching.com\/en\/athlete\/","og_locale":"en_US","og_type":"article","og_title":"Athlete &#8226; Mitch Coaching","og_description":"2025 2024 2022 2021 2019 2018 2017 et avant Avec un grand merci \u00e0 toutes les personnes qui me soutiennent, d&rsquo;une mani\u00e8re ou d&rsquo;une autre, avant, pendant et apr\u00e8s mes courses !","og_url":"https:\/\/mitchcoaching.com\/en\/athlete\/","og_site_name":"Mitch Coaching","article_publisher":"https:\/\/www.facebook.com\/Mika%c3%abl-Gaudin-203454170377614\/","article_modified_time":"2025-10-05T15:50:39+00:00","og_image":[{"width":3200,"height":2133,"url":"https:\/\/mitchcoaching.com\/wp-content\/uploads\/2019\/01\/22_m-100845518-DIGITAL_HIGHRES-2246_032469-21374942-1.jpg","type":"image\/jpeg"}],"twitter_misc":{"Est. reading time":"3 minutes"},"schema":{"@context":"https:\/\/schema.org","@graph":[{"@type":"WebPage","@id":"https:\/\/mitchcoaching.com\/athlete\/","url":"https:\/\/mitchcoaching.com\/athlete\/","name":"Athlete &#8226; Mitch Coaching","isPartOf":{"@id":"https:\/\/mitchcoaching.com\/#website"},"primaryImageOfPage":{"@id":"https:\/\/mitchcoaching.com\/athlete\/#primaryimage"},"image":{"@id":"https:\/\/mitchcoaching.com\/athlete\/#primaryimage"},"thumbnailUrl":"https:\/\/mitchcoaching.com\/wp-content\/uploads\/2019\/01\/22_m-100845518-DIGITAL_HIGHRES-2246_032469-21374942-1.jpg","datePublished":"2018-10-17T21:17:39+00:00","dateModified":"2025-10-05T15:50:39+00:00","breadcrumb":{"@id":"https:\/\/mitchcoaching.com\/athlete\/#breadcrumb"},"inLanguage":"en-US","potentialAction":[{"@type":"ReadAction","target":["https:\/\/mitchcoaching.com\/athlete\/"]}]},{"@type":"ImageObject","inLanguage":"en-US","@id":"https:\/\/mitchcoaching.com\/athlete\/#primaryimage","url":"https:\/\/mitchcoaching.com\/wp-content\/uploads\/2019\/01\/22_m-100845518-DIGITAL_HIGHRES-2246_032469-21374942-1.jpg","contentUrl":"https:\/\/mitchcoaching.com\/wp-content\/uploads\/2019\/01\/22_m-100845518-DIGITAL_HIGHRES-2246_032469-21374942-1.jpg","width":3200,"height":2133},{"@type":"BreadcrumbList","@id":"https:\/\/mitchcoaching.com\/athlete\/#breadcrumb","itemListElement":[{"@type":"ListItem","position":1,"name":"Accueil","item":"https:\/\/mitchcoaching.com\/"},{"@type":"ListItem","position":2,"name":"Athlete"}]},{"@type":"WebSite","@id":"https:\/\/mitchcoaching.com\/#website","url":"https:\/\/mitchcoaching.com\/","name":"Mitch Coaching","description":"","potentialAction":[{"@type":"SearchAction","target":{"@type":"EntryPoint","urlTemplate":"https:\/\/mitchcoaching.com\/?s={search_term_string}"},"query-input":{"@type":"PropertyValueSpecification","valueRequired":true,"valueName":"search_term_string"}}],"inLanguage":"en-US"}]}},"jetpack_sharing_enabled":true,"jetpack_shortlink":"https:\/\/wp.me\/PaBg9q-D","_links":{"self":[{"href":"https:\/\/mitchcoaching.com\/en\/wp-json\/wp\/v2\/pages\/39","targetHints":{"allow":["GET"]}}],"collection":[{"href":"https:\/\/mitchcoaching.com\/en\/wp-json\/wp\/v2\/pages"}],"about":[{"href":"https:\/\/mitchcoaching.com\/en\/wp-json\/wp\/v2\/types\/page"}],"author":[{"embeddable":true,"href":"https:\/\/mitchcoaching.com\/en\/wp-json\/wp\/v2\/users\/2"}],"replies":[{"embeddable":true,"href":"https:\/\/mitchcoaching.com\/en\/wp-json\/wp\/v2\/comments?post=39"}],"version-history":[{"count":7,"href":"https:\/\/mitchcoaching.com\/en\/wp-json\/wp\/v2\/pages\/39\/revisions"}],"predecessor-version":[{"id":798,"href":"https:\/\/mitchcoaching.com\/en\/wp-json\/wp\/v2\/pages\/39\/revisions\/798"}],"wp:featuredmedia":[{"embeddable":true,"href":"https:\/\/mitchcoaching.com\/en\/wp-json\/wp\/v2\/media\/275"}],"wp:attachment":[{"href":"https:\/\/mitchcoaching.com\/en\/wp-json\/wp\/v2\/media?parent=39"}],"curies":[{"name":"wp","href":"https:\/\/api.w.org\/{rel}","templated":true}]}}