{"id":35,"date":"2018-10-17T21:47:17","date_gmt":"2018-10-17T20:47:17","guid":{"rendered":"https:\/\/mitchcoaching.wordpress.com\/?page_id=2"},"modified":"2025-04-26T13:52:04","modified_gmt":"2025-04-26T12:52:04","slug":"a-propos","status":"publish","type":"page","link":"https:\/\/mitchcoaching.com\/en\/a-propos\/","title":{"rendered":"About"},"content":{"rendered":"<p>I like sport. Swimming has been a passion since childhood, despite a fear of water until the age of 8 years.<\/p>\n\n\n\n<p>I swam since the age of 9 at the Lausanne Swimming, progressing to the elite group with the years. I did many finals A and B at the Swiss championships and in 2015 I had the title of Swiss vice-champion of the 10km freestyle in Lausanne. <\/p>\n\n\n\n<p>Le triathlon a commenc\u00e9 \u00e0 me passionner depuis 2015 ; j\u2019ai gagn\u00e9 plusieurs fois ma cat\u00e9gorie d\u2019\u00e2ge en distance olympique et half-ironman et j\u2019ai termin\u00e9 8 Ironman, dont les championnats du monde de l\u2019Ironman d\u2019Hawa\u00ef en 2017 et 2024. En plus des marathons sur Ironman, j\u2019ai termin\u00e9 3 autres marathons (2015\/2016 Lausanne et 2018 Zurich) avec un record personnel de 2h39.<\/p>\n\n\n\n<p>I learn quickly and adapt to new circumstances. My values are tenacity, honesty and enthusiasm for new challenges.<\/p>\n\n\n\n<p>J\u2019ai plusieurs ann\u00e9es d\u2019exp\u00e9rience comme entra\u00eeneur natation et triathlon en Suisse Romande aupr\u00e8s du Lausanne Natation, Tri Team Pully et Cercle des Nageurs de Nyon : j\u2019ai commenc\u00e9 \u00e0 entra\u00eener des groupes \u00e9lites jeunes et adultes natation d\u00e8s 2006 et des triathl\u00e8tes d\u00e8s 2017. En 2022, j&rsquo;ai fond\u00e9 Mitchcoaching pour pouvoir aider les athl\u00e8tes \u00e0 poursuivre leurs objectifs sportifs ainsi que Tri Team Lausanne, dont je suis pr\u00e9sident et coach.<\/p>\n\n\n\n<p>I realize myself as much through my success as those of the athletes whose coaching I provide.<\/p>\n\n\n\n<p>I want to convey to my athletes - adults or young people - one of my values: \"by working hard and putting effort, anything is possible\"<\/p>\n\n\n\n<p>Skills:<\/p>\n\n\n\n<ul class=\"wp-block-list\">\n<li>Swimming<\/li>\n\n\n\n<li>Triathlon<\/li>\n\n\n\n<li>Running<\/li>\n\n\n\n<li>Biking<\/li>\n\n\n\n<li>Coaching<\/li>\n\n\n\n<li>Trainer<\/li>\n<\/ul>\n\n\n\n<p>Certified Trainer &amp; Coach<\/p>\n\n\n\n<ul class=\"wp-block-list\">\n<li>Entraineur A Triathlon, Macolin, 2024<\/li>\n\n\n\n<li>Comprendre le Triathlon, Tenero, 2021<\/li>\n\n\n\n<li>Formation v\u00e9lo, Macolin, 2021<\/li>\n\n\n\n<li>Jeuness &amp; Sport \u00ab&nbsp;Sport des jeunes et des enfants Triathlon&nbsp;\u00bb, Tenero, 2020<\/li>\n\n\n\n<li>Formation course \u00e0 pied, Tenero, 2020<\/li>\n\n\n\n<li>Jeuness &amp; Sport \u00ab\u00a0Sport des jeunes et des enfants Natation\u00a0\u00bb, 2017<\/li>\n\n\n\n<li>Pr\u00e9sident de Tri Team Lausanne, 2022-pr\u00e9sent&nbsp;<\/li>\n\n\n\n<li>Responsable du P\u00f4le Triathlon &amp; Head Coach, Cercle des Nageurs de Nyon, 2018-2022&nbsp;<\/li>\n\n\n\n<li>Responsable Natation Comp\u00e9tition 8-11 ans &amp; adultes, Lausanne Natation, 2017-2018<\/li>\n<\/ul>\n\n\n\n<div style=\"height:100px\" aria-hidden=\"true\" class=\"wp-block-spacer\"><\/div>\n\n\n\n<div class=\"wp-block-media-text alignwide is-stacked-on-mobile\" style=\"grid-template-columns:32% auto\"><figure class=\"wp-block-media-text__media\"><img loading=\"lazy\" decoding=\"async\" width=\"482\" height=\"217\" src=\"http:\/\/mitchcoaching.com\/wp-content\/uploads\/2019\/01\/h4h.png\" alt=\"https:\/\/help-for-hope.org\/\" class=\"wp-image-364 size-full\" srcset=\"https:\/\/mitchcoaching.com\/wp-content\/uploads\/2019\/01\/h4h.png 482w, https:\/\/mitchcoaching.com\/wp-content\/uploads\/2019\/01\/h4h-300x135.png 300w\" sizes=\"auto, (max-width: 482px) 100vw, 482px\" \/><\/figure><div class=\"wp-block-media-text__content\">\n<p>I am supporting for many years the association <a href=\"https:\/\/help-for-hope.org\/\">Help For Hope<\/a> because I think we can play sports and at the same time carry a message that will bring good to others and especially to children<\/p>\n<\/div><\/div>\n\n\n\n<div class=\"wp-block-media-text alignwide is-stacked-on-mobile\" style=\"grid-template-columns:32% auto\"><figure class=\"wp-block-media-text__media\"><img loading=\"lazy\" decoding=\"async\" width=\"900\" height=\"550\" src=\"https:\/\/mitchcoaching.com\/wp-content\/uploads\/2021\/10\/mitchcoaching_baby_logo_tranparent.png\" alt=\"\" class=\"wp-image-646 size-full\" srcset=\"https:\/\/mitchcoaching.com\/wp-content\/uploads\/2021\/10\/mitchcoaching_baby_logo_tranparent.png 900w, https:\/\/mitchcoaching.com\/wp-content\/uploads\/2021\/10\/mitchcoaching_baby_logo_tranparent-300x183.png 300w, https:\/\/mitchcoaching.com\/wp-content\/uploads\/2021\/10\/mitchcoaching_baby_logo_tranparent-768x469.png 768w, https:\/\/mitchcoaching.com\/wp-content\/uploads\/2021\/10\/mitchcoaching_baby_logo_tranparent-18x12.png 18w, https:\/\/mitchcoaching.com\/wp-content\/uploads\/2021\/10\/mitchcoaching_baby_logo_tranparent-600x367.png 600w\" sizes=\"auto, (max-width: 900px) 100vw, 900px\" \/><\/figure><div class=\"wp-block-media-text__content\">\n<p>Ma femme Laura me supporte dans ma vie priv\u00e9e et dans mon travail, pour qu\u2019ensemble nous puissions r\u00e9pondre aux besoins de tous nos clients, quels que soient leurs objectifs de remise en forme ou de performance.<\/p>\n<\/div><\/div>","protected":false},"excerpt":{"rendered":"<p>J\u2019adore le sport. La natation est une passion depuis tout petit, malgr\u00e9 une peur de l\u2019eau jusqu\u2019\u00e0 l\u2019\u00e2ge de 8 ans. J\u2019ai nag\u00e9 depuis l\u2019\u00e2ge de 9 ans au Lausanne Natation en progressant jusqu\u2019au groupe \u00e9lite avec les ann\u00e9es. J\u2019ai fait de nombreuses finales A et B aux championnats suisses et en 2015 j\u2019ai eu &#8230; <\/p>\n<p class=\"read-more-container\"><a title=\"About\" class=\"read-more button\" href=\"https:\/\/mitchcoaching.com\/en\/a-propos\/#more-35\" aria-label=\"Read more about \u00c0 propos\">Read more<\/a><\/p>","protected":false},"author":2,"featured_media":64,"parent":0,"menu_order":1,"comment_status":"closed","ping_status":"closed","template":"","meta":{"jetpack_post_was_ever_published":false,"footnotes":""},"class_list":{"0":"post-35","1":"page","2":"type-page","3":"status-publish","4":"has-post-thumbnail","6":"no-featured-image-padding"},"yoast_head":"<!-- This site is optimized with the Yoast SEO plugin v27.5 - https:\/\/yoast.com\/product\/yoast-seo-wordpress\/ -->\n<title>\u00c0 propos &#8226; Mitch Coaching<\/title>\n<meta name=\"robots\" content=\"index, follow, max-snippet:-1, max-image-preview:large, max-video-preview:-1\" \/>\n<link rel=\"canonical\" href=\"https:\/\/mitchcoaching.com\/en\/a-propos\/\" \/>\n<meta property=\"og:locale\" content=\"en_US\" \/>\n<meta property=\"og:type\" content=\"article\" \/>\n<meta property=\"og:title\" content=\"\u00c0 propos &#8226; Mitch Coaching\" \/>\n<meta property=\"og:description\" content=\"J\u2019adore le sport. La natation est une passion depuis tout petit, malgr\u00e9 une peur de l\u2019eau jusqu\u2019\u00e0 l\u2019\u00e2ge de 8 ans. J\u2019ai nag\u00e9 depuis l\u2019\u00e2ge de 9 ans au Lausanne Natation en progressant jusqu\u2019au groupe \u00e9lite avec les ann\u00e9es. J\u2019ai fait de nombreuses finales A et B aux championnats suisses et en 2015 j\u2019ai eu ... Read more\" \/>\n<meta property=\"og:url\" content=\"https:\/\/mitchcoaching.com\/en\/a-propos\/\" \/>\n<meta property=\"og:site_name\" content=\"Mitch Coaching\" \/>\n<meta property=\"article:publisher\" content=\"https:\/\/www.facebook.com\/Mika%c3%abl-Gaudin-203454170377614\/\" \/>\n<meta property=\"article:modified_time\" content=\"2025-04-26T12:52:04+00:00\" \/>\n<meta property=\"og:image\" content=\"https:\/\/mitchcoaching.com\/wp-content\/uploads\/2019\/01\/13c7db3a-991e-4af1-b19d-ae0b3d6e02f3.jpg\" \/>\n\t<meta property=\"og:image:width\" content=\"1600\" \/>\n\t<meta property=\"og:image:height\" content=\"1200\" \/>\n\t<meta property=\"og:image:type\" content=\"image\/jpeg\" \/>\n<meta name=\"twitter:label1\" content=\"Est. reading time\" \/>\n\t<meta name=\"twitter:data1\" content=\"3 minutes\" \/>\n<script type=\"application\/ld+json\" class=\"yoast-schema-graph\">{\"@context\":\"https:\\\/\\\/schema.org\",\"@graph\":[{\"@type\":\"WebPage\",\"@id\":\"https:\\\/\\\/mitchcoaching.com\\\/a-propos\\\/\",\"url\":\"https:\\\/\\\/mitchcoaching.com\\\/a-propos\\\/\",\"name\":\"\u00c0 propos &#8226; Mitch Coaching\",\"isPartOf\":{\"@id\":\"https:\\\/\\\/mitchcoaching.com\\\/#website\"},\"primaryImageOfPage\":{\"@id\":\"https:\\\/\\\/mitchcoaching.com\\\/a-propos\\\/#primaryimage\"},\"image\":{\"@id\":\"https:\\\/\\\/mitchcoaching.com\\\/a-propos\\\/#primaryimage\"},\"thumbnailUrl\":\"https:\\\/\\\/mitchcoaching.com\\\/wp-content\\\/uploads\\\/2019\\\/01\\\/13c7db3a-991e-4af1-b19d-ae0b3d6e02f3.jpg\",\"datePublished\":\"2018-10-17T20:47:17+00:00\",\"dateModified\":\"2025-04-26T12:52:04+00:00\",\"breadcrumb\":{\"@id\":\"https:\\\/\\\/mitchcoaching.com\\\/a-propos\\\/#breadcrumb\"},\"inLanguage\":\"en-US\",\"potentialAction\":[{\"@type\":\"ReadAction\",\"target\":[\"https:\\\/\\\/mitchcoaching.com\\\/a-propos\\\/\"]}]},{\"@type\":\"ImageObject\",\"inLanguage\":\"en-US\",\"@id\":\"https:\\\/\\\/mitchcoaching.com\\\/a-propos\\\/#primaryimage\",\"url\":\"https:\\\/\\\/mitchcoaching.com\\\/wp-content\\\/uploads\\\/2019\\\/01\\\/13c7db3a-991e-4af1-b19d-ae0b3d6e02f3.jpg\",\"contentUrl\":\"https:\\\/\\\/mitchcoaching.com\\\/wp-content\\\/uploads\\\/2019\\\/01\\\/13c7db3a-991e-4af1-b19d-ae0b3d6e02f3.jpg\",\"width\":1600,\"height\":1200},{\"@type\":\"BreadcrumbList\",\"@id\":\"https:\\\/\\\/mitchcoaching.com\\\/a-propos\\\/#breadcrumb\",\"itemListElement\":[{\"@type\":\"ListItem\",\"position\":1,\"name\":\"Accueil\",\"item\":\"https:\\\/\\\/mitchcoaching.com\\\/\"},{\"@type\":\"ListItem\",\"position\":2,\"name\":\"\u00c0 propos\"}]},{\"@type\":\"WebSite\",\"@id\":\"https:\\\/\\\/mitchcoaching.com\\\/#website\",\"url\":\"https:\\\/\\\/mitchcoaching.com\\\/\",\"name\":\"Mitch Coaching\",\"description\":\"\",\"potentialAction\":[{\"@type\":\"SearchAction\",\"target\":{\"@type\":\"EntryPoint\",\"urlTemplate\":\"https:\\\/\\\/mitchcoaching.com\\\/?s={search_term_string}\"},\"query-input\":{\"@type\":\"PropertyValueSpecification\",\"valueRequired\":true,\"valueName\":\"search_term_string\"}}],\"inLanguage\":\"en-US\"}]}<\/script>\n<!-- \/ Yoast SEO plugin. -->","yoast_head_json":{"title":"\u00c0 propos &#8226; Mitch Coaching","robots":{"index":"index","follow":"follow","max-snippet":"max-snippet:-1","max-image-preview":"max-image-preview:large","max-video-preview":"max-video-preview:-1"},"canonical":"https:\/\/mitchcoaching.com\/en\/a-propos\/","og_locale":"en_US","og_type":"article","og_title":"\u00c0 propos &#8226; Mitch Coaching","og_description":"J\u2019adore le sport. La natation est une passion depuis tout petit, malgr\u00e9 une peur de l\u2019eau jusqu\u2019\u00e0 l\u2019\u00e2ge de 8 ans. J\u2019ai nag\u00e9 depuis l\u2019\u00e2ge de 9 ans au Lausanne Natation en progressant jusqu\u2019au groupe \u00e9lite avec les ann\u00e9es. J\u2019ai fait de nombreuses finales A et B aux championnats suisses et en 2015 j\u2019ai eu ... Read more","og_url":"https:\/\/mitchcoaching.com\/en\/a-propos\/","og_site_name":"Mitch Coaching","article_publisher":"https:\/\/www.facebook.com\/Mika%c3%abl-Gaudin-203454170377614\/","article_modified_time":"2025-04-26T12:52:04+00:00","og_image":[{"width":1600,"height":1200,"url":"https:\/\/mitchcoaching.com\/wp-content\/uploads\/2019\/01\/13c7db3a-991e-4af1-b19d-ae0b3d6e02f3.jpg","type":"image\/jpeg"}],"twitter_misc":{"Est. reading time":"3 minutes"},"schema":{"@context":"https:\/\/schema.org","@graph":[{"@type":"WebPage","@id":"https:\/\/mitchcoaching.com\/a-propos\/","url":"https:\/\/mitchcoaching.com\/a-propos\/","name":"\u00c0 propos &#8226; Mitch Coaching","isPartOf":{"@id":"https:\/\/mitchcoaching.com\/#website"},"primaryImageOfPage":{"@id":"https:\/\/mitchcoaching.com\/a-propos\/#primaryimage"},"image":{"@id":"https:\/\/mitchcoaching.com\/a-propos\/#primaryimage"},"thumbnailUrl":"https:\/\/mitchcoaching.com\/wp-content\/uploads\/2019\/01\/13c7db3a-991e-4af1-b19d-ae0b3d6e02f3.jpg","datePublished":"2018-10-17T20:47:17+00:00","dateModified":"2025-04-26T12:52:04+00:00","breadcrumb":{"@id":"https:\/\/mitchcoaching.com\/a-propos\/#breadcrumb"},"inLanguage":"en-US","potentialAction":[{"@type":"ReadAction","target":["https:\/\/mitchcoaching.com\/a-propos\/"]}]},{"@type":"ImageObject","inLanguage":"en-US","@id":"https:\/\/mitchcoaching.com\/a-propos\/#primaryimage","url":"https:\/\/mitchcoaching.com\/wp-content\/uploads\/2019\/01\/13c7db3a-991e-4af1-b19d-ae0b3d6e02f3.jpg","contentUrl":"https:\/\/mitchcoaching.com\/wp-content\/uploads\/2019\/01\/13c7db3a-991e-4af1-b19d-ae0b3d6e02f3.jpg","width":1600,"height":1200},{"@type":"BreadcrumbList","@id":"https:\/\/mitchcoaching.com\/a-propos\/#breadcrumb","itemListElement":[{"@type":"ListItem","position":1,"name":"Accueil","item":"https:\/\/mitchcoaching.com\/"},{"@type":"ListItem","position":2,"name":"\u00c0 propos"}]},{"@type":"WebSite","@id":"https:\/\/mitchcoaching.com\/#website","url":"https:\/\/mitchcoaching.com\/","name":"Mitch Coaching","description":"","potentialAction":[{"@type":"SearchAction","target":{"@type":"EntryPoint","urlTemplate":"https:\/\/mitchcoaching.com\/?s={search_term_string}"},"query-input":{"@type":"PropertyValueSpecification","valueRequired":true,"valueName":"search_term_string"}}],"inLanguage":"en-US"}]}},"jetpack_sharing_enabled":false,"jetpack_shortlink":"https:\/\/wp.me\/PaBg9q-z","_links":{"self":[{"href":"https:\/\/mitchcoaching.com\/en\/wp-json\/wp\/v2\/pages\/35","targetHints":{"allow":["GET"]}}],"collection":[{"href":"https:\/\/mitchcoaching.com\/en\/wp-json\/wp\/v2\/pages"}],"about":[{"href":"https:\/\/mitchcoaching.com\/en\/wp-json\/wp\/v2\/types\/page"}],"author":[{"embeddable":true,"href":"https:\/\/mitchcoaching.com\/en\/wp-json\/wp\/v2\/users\/2"}],"replies":[{"embeddable":true,"href":"https:\/\/mitchcoaching.com\/en\/wp-json\/wp\/v2\/comments?post=35"}],"version-history":[{"count":2,"href":"https:\/\/mitchcoaching.com\/en\/wp-json\/wp\/v2\/pages\/35\/revisions"}],"predecessor-version":[{"id":771,"href":"https:\/\/mitchcoaching.com\/en\/wp-json\/wp\/v2\/pages\/35\/revisions\/771"}],"wp:featuredmedia":[{"embeddable":true,"href":"https:\/\/mitchcoaching.com\/en\/wp-json\/wp\/v2\/media\/64"}],"wp:attachment":[{"href":"https:\/\/mitchcoaching.com\/en\/wp-json\/wp\/v2\/media?parent=35"}],"curies":[{"name":"wp","href":"https:\/\/api.w.org\/{rel}","templated":true}]}}