{"id":29,"date":"2018-10-17T22:07:53","date_gmt":"2018-10-17T21:07:53","guid":{"rendered":"https:\/\/mitchcoaching.wordpress.com\/?page_id=29"},"modified":"2025-09-01T21:42:42","modified_gmt":"2025-09-01T20:42:42","slug":"coaching","status":"publish","type":"page","link":"https:\/\/mitchcoaching.com\/en\/coaching\/","title":{"rendered":"Coaching &amp; Tarifs"},"content":{"rendered":"<h4 class=\"wp-block-heading\">SWIMMING \/ RUNNING \/ CYCLING \/ TRIATHLON<\/h4>\n\n\n\n<div class=\"wp-block-columns has-2-columns is-layout-flex wp-container-core-columns-is-layout-9d6595d7 wp-block-columns-is-layout-flex\">\n<div class=\"wp-block-column is-layout-flow wp-block-column-is-layout-flow\">\n<p><strong>Coaching Individuel<\/strong> <\/p>\n\n\n\n<ul class=\"wp-block-list\">\n<li>Coaching personnalis\u00e9s <\/li>\n\n\n\n<li>Technical advice with video support<\/li>\n\n\n\n<li>Cours de groupes et priv\u00e9s tous niveaux<\/li>\n\n\n\n<li>Triathlon transition sessions<\/li>\n\n\n\n<li>Open water sessions<\/li>\n\n\n\n<li>Swift virtual sessions<\/li>\n\n\n\n<li>TrainingPeaks follow-up<\/li>\n\n\n\n<li>Group training session <\/li>\n<\/ul>\n\n\n\n<p><strong>Coaching entreprise &amp; team building<\/strong><\/p>\n\n\n\n<ul class=\"wp-block-list\">\n<li>S\u00e9ances entreprise Course \u00e0 pied<\/li>\n\n\n\n<li>S\u00e9ances entreprise natation &amp; Open Water <\/li>\n\n\n\n<li>Th\u00e9orie du Triathlon &amp; Nutrition <\/li>\n\n\n\n<li>Atelier Transitions<\/li>\n\n\n\n<li>Cours de groupes et priv\u00e9s tous niveaux<\/li>\n\n\n\n<li>Tarifs coaching entreprise \u00e0 discuter<\/li>\n<\/ul>\n\n\n\n<p>R\u00e9f\u00e9rences: <\/p>\n\n\n\n<ul class=\"wp-block-list\">\n<li>Philips Morris International (Lausanne)<\/li>\n\n\n\n<li>Price Water House Coopers (Pully)<\/li>\n\n\n\n<li>BECHTLE (Morges \/ G\u00e9n\u00e8ve)<\/li>\n\n\n\n<li>HARMONY (Nyon)<\/li>\n<\/ul>\n<\/div>\n<\/div>\n\n\n\n<figure class=\"wp-block-gallery has-nested-images columns-default is-cropped wp-block-gallery-1 is-layout-flex wp-block-gallery-is-layout-flex\">\n<figure class=\"wp-block-image size-large\"><a href=\"https:\/\/mitchcoaching.com\/wp-content\/uploads\/2019\/01\/4_m-100845518-DIGITAL_HIGHRES-2246_000222-21374924.jpg\"><img loading=\"lazy\" decoding=\"async\" width=\"683\" height=\"1024\" data-id=\"282\" src=\"https:\/\/mitchcoaching.com\/wp-content\/uploads\/2019\/01\/4_m-100845518-DIGITAL_HIGHRES-2246_000222-21374924-683x1024.jpg\" alt=\"\" class=\"wp-image-282\" srcset=\"https:\/\/mitchcoaching.com\/wp-content\/uploads\/2019\/01\/4_m-100845518-DIGITAL_HIGHRES-2246_000222-21374924-683x1024.jpg 683w, https:\/\/mitchcoaching.com\/wp-content\/uploads\/2019\/01\/4_m-100845518-DIGITAL_HIGHRES-2246_000222-21374924-200x300.jpg 200w, https:\/\/mitchcoaching.com\/wp-content\/uploads\/2019\/01\/4_m-100845518-DIGITAL_HIGHRES-2246_000222-21374924-768x1152.jpg 768w\" sizes=\"auto, (max-width: 683px) 100vw, 683px\" \/><\/a><\/figure>\n\n\n\n<figure class=\"wp-block-image size-large\"><a href=\"https:\/\/mitchcoaching.com\/wp-content\/uploads\/2019\/01\/12_m-100845518-DIGITAL_HIGHRES-2246_011345-21374932.jpg\"><img loading=\"lazy\" decoding=\"async\" width=\"682\" height=\"1024\" data-id=\"281\" src=\"https:\/\/mitchcoaching.com\/wp-content\/uploads\/2019\/01\/12_m-100845518-DIGITAL_HIGHRES-2246_011345-21374932-682x1024.jpg\" alt=\"\" class=\"wp-image-281\" srcset=\"https:\/\/mitchcoaching.com\/wp-content\/uploads\/2019\/01\/12_m-100845518-DIGITAL_HIGHRES-2246_011345-21374932-682x1024.jpg 682w, https:\/\/mitchcoaching.com\/wp-content\/uploads\/2019\/01\/12_m-100845518-DIGITAL_HIGHRES-2246_011345-21374932-200x300.jpg 200w, https:\/\/mitchcoaching.com\/wp-content\/uploads\/2019\/01\/12_m-100845518-DIGITAL_HIGHRES-2246_011345-21374932-768x1154.jpg 768w\" sizes=\"auto, (max-width: 682px) 100vw, 682px\" \/><\/a><\/figure>\n\n\n\n<figure class=\"wp-block-image size-large\"><a href=\"https:\/\/mitchcoaching.com\/wp-content\/uploads\/2019\/01\/93_m-100845518-DIGITAL_HIGHRES-2246_093572-21375013.jpg\"><img loading=\"lazy\" decoding=\"async\" width=\"685\" height=\"1024\" data-id=\"280\" src=\"https:\/\/mitchcoaching.com\/wp-content\/uploads\/2019\/01\/93_m-100845518-DIGITAL_HIGHRES-2246_093572-21375013-685x1024.jpg\" alt=\"\" class=\"wp-image-280\" srcset=\"https:\/\/mitchcoaching.com\/wp-content\/uploads\/2019\/01\/93_m-100845518-DIGITAL_HIGHRES-2246_093572-21375013-685x1024.jpg 685w, https:\/\/mitchcoaching.com\/wp-content\/uploads\/2019\/01\/93_m-100845518-DIGITAL_HIGHRES-2246_093572-21375013-201x300.jpg 201w, https:\/\/mitchcoaching.com\/wp-content\/uploads\/2019\/01\/93_m-100845518-DIGITAL_HIGHRES-2246_093572-21375013-768x1148.jpg 768w\" sizes=\"auto, (max-width: 685px) 100vw, 685px\" \/><\/a><\/figure>\n<\/figure>\n\n\n\n<div class=\"wp-block-columns has-2-columns is-layout-flex wp-container-core-columns-is-layout-9d6595d7 wp-block-columns-is-layout-flex\">\n<div class=\"wp-block-column is-layout-flow wp-block-column-is-layout-flow\">\n<p>Et avec l&rsquo;aide de ma femme:<\/p>\n\n\n\n<ul class=\"wp-block-list\">\n<li>Pilates, Yoga &amp; Body Balance&nbsp;<\/li>\n\n\n\n<li>Psychological support for athletes<\/li>\n\n\n\n<li>Getting back into shape<\/li>\n\n\n\n<li>Getting back into shape after pregnancy<\/li>\n\n\n\n<li>Organization of sports camps<\/li>\n<\/ul>\n\n\n<div class=\"wp-block-image\">\n<figure class=\"aligncenter size-full is-resized\"><a href=\"https:\/\/mitchcoaching.com\/wp-content\/uploads\/2021\/10\/mitchcoaching_baby_logo_tranparent.png\"><img loading=\"lazy\" decoding=\"async\" width=\"900\" height=\"550\" src=\"https:\/\/mitchcoaching.com\/wp-content\/uploads\/2021\/10\/mitchcoaching_baby_logo_tranparent.png\" alt=\"\" class=\"wp-image-646\" style=\"width:350px\" srcset=\"https:\/\/mitchcoaching.com\/wp-content\/uploads\/2021\/10\/mitchcoaching_baby_logo_tranparent.png 900w, https:\/\/mitchcoaching.com\/wp-content\/uploads\/2021\/10\/mitchcoaching_baby_logo_tranparent-300x183.png 300w, https:\/\/mitchcoaching.com\/wp-content\/uploads\/2021\/10\/mitchcoaching_baby_logo_tranparent-768x469.png 768w, https:\/\/mitchcoaching.com\/wp-content\/uploads\/2021\/10\/mitchcoaching_baby_logo_tranparent-18x12.png 18w, https:\/\/mitchcoaching.com\/wp-content\/uploads\/2021\/10\/mitchcoaching_baby_logo_tranparent-600x367.png 600w\" sizes=\"auto, (max-width: 900px) 100vw, 900px\" \/><\/a><\/figure>\n<\/div><\/div>\n<\/div>\n\n\n\n<h2 class=\"wp-block-heading\">Tarifs Coaching Individuel<\/h2>\n\n\n\n<p>Plans personnalis\u00e9s 3 disciplines (natation, course et v\u00e9lo) : 150CHF \/ mois <\/p>\n\n\n\n<p>Plans personnalis\u00e9s MONODISCIPLINE (natation, course ou v\u00e9lo) : 100CHF \/ mois<\/p>\n\n\n\n<p>Sans engagement&nbsp;: on peut s\u2019arr\u00eater \u00e0 tout moment ou prendre une pause apr\u00e8s l&rsquo;objectif et recommencer<\/p>\n\n\n\n<p>INCLUS:<\/p>\n\n\n\n<ul class=\"wp-block-list\">\n<li>les mardis: course \u00e0 pied VMA \u00e0 18h30 (Stade de Coubertin) <\/li>\n\n\n\n<li>les jeudis : v\u00e9lo \u00e0 18h00 \/ 18h30 (ZWIFT \/ Stade de Coubertin selon saison)<\/li>\n\n\n\n<li>Suivi personnalis\u00e9 via TRAINING PEAKS<\/li>\n\n\n\n<li>Nombreauses r\u00e9ductions avec nos partenaires COMPRESSPORT &amp; POWERBAR<\/li>\n<\/ul>\n\n\n\n<p>EXTRA:<\/p>\n\n\n\n<ul class=\"wp-block-list\">\n<li>S\u00e9ances natation avec Tri Team Lausanne : 360CHF \/ an (1 s\u00e9ance); 600CHF \/ an (2\/3 s\u00e9ances)<\/li>\n\n\n\n<li>Adh\u00e9sion au club Tri Team Lausanne : 50CHF \/ an<\/li>\n\n\n\n<li>S\u00e9ance Open Water en \u00e9t\u00e9 \u00e0 un prix pr\u00e9ferentiel<\/li>\n\n\n\n<li>S\u00e9ance coaching priv\u00e9<\/li>\n<\/ul>\n\n\n\n<p>Un athl\u00e8te adulte Mitchcoaching peut courir sous Tri Team Lausanne, le club triathlon fond\u00e9 par Mika\u00ebl Gaudin le 04 juillet 2022. Il peut aussi nager sous les cr\u00e9neaux Tri Team Lausanne. Pour plus d\u2019info, visite\u00a0<a href=\"http:\/\/www.triteamlausanne.com\/\">www.triteamlausanne.com<\/a> ou voir \u00ab\u00a0Prix des Prestations\u00a0\u00bb ci-dessus.<\/p>\n\n\n\n<p>Cours de natation pour jeunes et adultes possibles avec Tri Team Lausanne. Pour plus d&rsquo;\u00eenfo, visite&nbsp;<a href=\"http:\/\/www.triteamlausanne.com\/\">www.triteamlausanne.com<\/a><\/p>","protected":false},"excerpt":{"rendered":"<p>NATATION \/ COURSE A PIED \/ VELO \/ TRIATHLON Coaching Individuel Coaching entreprise &amp; team building R\u00e9f\u00e9rences: Et avec l&rsquo;aide de ma femme: Tarifs Coaching Individuel Plans personnalis\u00e9s 3 disciplines (natation, course et v\u00e9lo) : 150CHF \/ mois Plans personnalis\u00e9s MONODISCIPLINE (natation, course ou v\u00e9lo) : 100CHF \/ mois Sans engagement&nbsp;: on peut s\u2019arr\u00eater \u00e0 &#8230; <\/p>\n<p class=\"read-more-container\"><a title=\"Coaching &amp; Tarifs\" class=\"read-more button\" href=\"https:\/\/mitchcoaching.com\/en\/coaching\/#more-29\" aria-label=\"Read more about Coaching &amp; Tarifs\">Read more<\/a><\/p>","protected":false},"author":2,"featured_media":291,"parent":0,"menu_order":0,"comment_status":"closed","ping_status":"closed","template":"","meta":{"jetpack_post_was_ever_published":false,"footnotes":""},"class_list":{"0":"post-29","1":"page","2":"type-page","3":"status-publish","4":"has-post-thumbnail","6":"no-featured-image-padding"},"yoast_head":"<!-- This site is optimized with the Yoast SEO plugin v27.5 - https:\/\/yoast.com\/product\/yoast-seo-wordpress\/ -->\n<title>Coaching &amp; Tarifs &#8226; Mitch Coaching<\/title>\n<meta name=\"robots\" content=\"index, follow, max-snippet:-1, max-image-preview:large, max-video-preview:-1\" \/>\n<link rel=\"canonical\" href=\"https:\/\/mitchcoaching.com\/en\/coaching\/\" \/>\n<meta property=\"og:locale\" content=\"en_US\" \/>\n<meta property=\"og:type\" content=\"article\" \/>\n<meta property=\"og:title\" content=\"Coaching &amp; Tarifs &#8226; Mitch Coaching\" \/>\n<meta property=\"og:description\" content=\"NATATION \/ COURSE A PIED \/ VELO \/ TRIATHLON Coaching Individuel Coaching entreprise &amp; team building R\u00e9f\u00e9rences: Et avec l&rsquo;aide de ma femme: Tarifs Coaching Individuel Plans personnalis\u00e9s 3 disciplines (natation, course et v\u00e9lo) : 150CHF \/ mois Plans personnalis\u00e9s MONODISCIPLINE (natation, course ou v\u00e9lo) : 100CHF \/ mois Sans engagement&nbsp;: on peut s\u2019arr\u00eater \u00e0 ... Read more\" \/>\n<meta property=\"og:url\" content=\"https:\/\/mitchcoaching.com\/en\/coaching\/\" \/>\n<meta property=\"og:site_name\" content=\"Mitch Coaching\" \/>\n<meta property=\"article:publisher\" content=\"https:\/\/www.facebook.com\/Mika%c3%abl-Gaudin-203454170377614\/\" \/>\n<meta property=\"article:modified_time\" content=\"2025-09-01T20:42:42+00:00\" \/>\n<meta property=\"og:image\" content=\"https:\/\/mitchcoaching.com\/wp-content\/uploads\/2019\/01\/174_m-100790804-DIGITAL_HIGHRES-1835_008659-12547539.jpg\" \/>\n\t<meta property=\"og:image:width\" content=\"3200\" \/>\n\t<meta property=\"og:image:height\" content=\"2133\" \/>\n\t<meta property=\"og:image:type\" content=\"image\/jpeg\" \/>\n<meta name=\"twitter:label1\" content=\"Est. reading time\" \/>\n\t<meta name=\"twitter:data1\" content=\"3 minutes\" \/>\n<script type=\"application\/ld+json\" class=\"yoast-schema-graph\">{\"@context\":\"https:\\\/\\\/schema.org\",\"@graph\":[{\"@type\":\"WebPage\",\"@id\":\"https:\\\/\\\/mitchcoaching.com\\\/coaching\\\/\",\"url\":\"https:\\\/\\\/mitchcoaching.com\\\/coaching\\\/\",\"name\":\"Coaching &amp; Tarifs &#8226; Mitch Coaching\",\"isPartOf\":{\"@id\":\"https:\\\/\\\/mitchcoaching.com\\\/#website\"},\"primaryImageOfPage\":{\"@id\":\"https:\\\/\\\/mitchcoaching.com\\\/coaching\\\/#primaryimage\"},\"image\":{\"@id\":\"https:\\\/\\\/mitchcoaching.com\\\/coaching\\\/#primaryimage\"},\"thumbnailUrl\":\"https:\\\/\\\/mitchcoaching.com\\\/wp-content\\\/uploads\\\/2019\\\/01\\\/174_m-100790804-DIGITAL_HIGHRES-1835_008659-12547539.jpg\",\"datePublished\":\"2018-10-17T21:07:53+00:00\",\"dateModified\":\"2025-09-01T20:42:42+00:00\",\"breadcrumb\":{\"@id\":\"https:\\\/\\\/mitchcoaching.com\\\/coaching\\\/#breadcrumb\"},\"inLanguage\":\"en-US\",\"potentialAction\":[{\"@type\":\"ReadAction\",\"target\":[\"https:\\\/\\\/mitchcoaching.com\\\/coaching\\\/\"]}]},{\"@type\":\"ImageObject\",\"inLanguage\":\"en-US\",\"@id\":\"https:\\\/\\\/mitchcoaching.com\\\/coaching\\\/#primaryimage\",\"url\":\"https:\\\/\\\/mitchcoaching.com\\\/wp-content\\\/uploads\\\/2019\\\/01\\\/174_m-100790804-DIGITAL_HIGHRES-1835_008659-12547539.jpg\",\"contentUrl\":\"https:\\\/\\\/mitchcoaching.com\\\/wp-content\\\/uploads\\\/2019\\\/01\\\/174_m-100790804-DIGITAL_HIGHRES-1835_008659-12547539.jpg\",\"width\":3200,\"height\":2133},{\"@type\":\"BreadcrumbList\",\"@id\":\"https:\\\/\\\/mitchcoaching.com\\\/coaching\\\/#breadcrumb\",\"itemListElement\":[{\"@type\":\"ListItem\",\"position\":1,\"name\":\"Accueil\",\"item\":\"https:\\\/\\\/mitchcoaching.com\\\/\"},{\"@type\":\"ListItem\",\"position\":2,\"name\":\"Coaching &amp; Tarifs\"}]},{\"@type\":\"WebSite\",\"@id\":\"https:\\\/\\\/mitchcoaching.com\\\/#website\",\"url\":\"https:\\\/\\\/mitchcoaching.com\\\/\",\"name\":\"Mitch Coaching\",\"description\":\"\",\"potentialAction\":[{\"@type\":\"SearchAction\",\"target\":{\"@type\":\"EntryPoint\",\"urlTemplate\":\"https:\\\/\\\/mitchcoaching.com\\\/?s={search_term_string}\"},\"query-input\":{\"@type\":\"PropertyValueSpecification\",\"valueRequired\":true,\"valueName\":\"search_term_string\"}}],\"inLanguage\":\"en-US\"}]}<\/script>\n<!-- \/ Yoast SEO plugin. -->","yoast_head_json":{"title":"Coaching &amp; Tarifs &#8226; Mitch Coaching","robots":{"index":"index","follow":"follow","max-snippet":"max-snippet:-1","max-image-preview":"max-image-preview:large","max-video-preview":"max-video-preview:-1"},"canonical":"https:\/\/mitchcoaching.com\/en\/coaching\/","og_locale":"en_US","og_type":"article","og_title":"Coaching &amp; Tarifs &#8226; Mitch Coaching","og_description":"NATATION \/ COURSE A PIED \/ VELO \/ TRIATHLON Coaching Individuel Coaching entreprise &amp; team building R\u00e9f\u00e9rences: Et avec l&rsquo;aide de ma femme: Tarifs Coaching Individuel Plans personnalis\u00e9s 3 disciplines (natation, course et v\u00e9lo) : 150CHF \/ mois Plans personnalis\u00e9s MONODISCIPLINE (natation, course ou v\u00e9lo) : 100CHF \/ mois Sans engagement&nbsp;: on peut s\u2019arr\u00eater \u00e0 ... Read more","og_url":"https:\/\/mitchcoaching.com\/en\/coaching\/","og_site_name":"Mitch Coaching","article_publisher":"https:\/\/www.facebook.com\/Mika%c3%abl-Gaudin-203454170377614\/","article_modified_time":"2025-09-01T20:42:42+00:00","og_image":[{"width":3200,"height":2133,"url":"https:\/\/mitchcoaching.com\/wp-content\/uploads\/2019\/01\/174_m-100790804-DIGITAL_HIGHRES-1835_008659-12547539.jpg","type":"image\/jpeg"}],"twitter_misc":{"Est. reading time":"3 minutes"},"schema":{"@context":"https:\/\/schema.org","@graph":[{"@type":"WebPage","@id":"https:\/\/mitchcoaching.com\/coaching\/","url":"https:\/\/mitchcoaching.com\/coaching\/","name":"Coaching &amp; Tarifs &#8226; Mitch Coaching","isPartOf":{"@id":"https:\/\/mitchcoaching.com\/#website"},"primaryImageOfPage":{"@id":"https:\/\/mitchcoaching.com\/coaching\/#primaryimage"},"image":{"@id":"https:\/\/mitchcoaching.com\/coaching\/#primaryimage"},"thumbnailUrl":"https:\/\/mitchcoaching.com\/wp-content\/uploads\/2019\/01\/174_m-100790804-DIGITAL_HIGHRES-1835_008659-12547539.jpg","datePublished":"2018-10-17T21:07:53+00:00","dateModified":"2025-09-01T20:42:42+00:00","breadcrumb":{"@id":"https:\/\/mitchcoaching.com\/coaching\/#breadcrumb"},"inLanguage":"en-US","potentialAction":[{"@type":"ReadAction","target":["https:\/\/mitchcoaching.com\/coaching\/"]}]},{"@type":"ImageObject","inLanguage":"en-US","@id":"https:\/\/mitchcoaching.com\/coaching\/#primaryimage","url":"https:\/\/mitchcoaching.com\/wp-content\/uploads\/2019\/01\/174_m-100790804-DIGITAL_HIGHRES-1835_008659-12547539.jpg","contentUrl":"https:\/\/mitchcoaching.com\/wp-content\/uploads\/2019\/01\/174_m-100790804-DIGITAL_HIGHRES-1835_008659-12547539.jpg","width":3200,"height":2133},{"@type":"BreadcrumbList","@id":"https:\/\/mitchcoaching.com\/coaching\/#breadcrumb","itemListElement":[{"@type":"ListItem","position":1,"name":"Accueil","item":"https:\/\/mitchcoaching.com\/"},{"@type":"ListItem","position":2,"name":"Coaching &amp; Tarifs"}]},{"@type":"WebSite","@id":"https:\/\/mitchcoaching.com\/#website","url":"https:\/\/mitchcoaching.com\/","name":"Mitch Coaching","description":"","potentialAction":[{"@type":"SearchAction","target":{"@type":"EntryPoint","urlTemplate":"https:\/\/mitchcoaching.com\/?s={search_term_string}"},"query-input":{"@type":"PropertyValueSpecification","valueRequired":true,"valueName":"search_term_string"}}],"inLanguage":"en-US"}]}},"jetpack_sharing_enabled":true,"jetpack_shortlink":"https:\/\/wp.me\/PaBg9q-t","_links":{"self":[{"href":"https:\/\/mitchcoaching.com\/en\/wp-json\/wp\/v2\/pages\/29","targetHints":{"allow":["GET"]}}],"collection":[{"href":"https:\/\/mitchcoaching.com\/en\/wp-json\/wp\/v2\/pages"}],"about":[{"href":"https:\/\/mitchcoaching.com\/en\/wp-json\/wp\/v2\/types\/page"}],"author":[{"embeddable":true,"href":"https:\/\/mitchcoaching.com\/en\/wp-json\/wp\/v2\/users\/2"}],"replies":[{"embeddable":true,"href":"https:\/\/mitchcoaching.com\/en\/wp-json\/wp\/v2\/comments?post=29"}],"version-history":[{"count":1,"href":"https:\/\/mitchcoaching.com\/en\/wp-json\/wp\/v2\/pages\/29\/revisions"}],"predecessor-version":[{"id":791,"href":"https:\/\/mitchcoaching.com\/en\/wp-json\/wp\/v2\/pages\/29\/revisions\/791"}],"wp:featuredmedia":[{"embeddable":true,"href":"https:\/\/mitchcoaching.com\/en\/wp-json\/wp\/v2\/media\/291"}],"wp:attachment":[{"href":"https:\/\/mitchcoaching.com\/en\/wp-json\/wp\/v2\/media?parent=29"}],"curies":[{"name":"wp","href":"https:\/\/api.w.org\/{rel}","templated":true}]}}